{"id":1105,"date":"2018-10-26T19:57:51","date_gmt":"2018-10-26T22:57:51","guid":{"rendered":"https:\/\/kriocomics.com.br\/site\/?page_id=1105"},"modified":"2022-05-01T20:01:40","modified_gmt":"2022-05-01T23:01:40","slug":"termos-e-condicoes","status":"publish","type":"page","link":"https:\/\/kriocomics.com.br\/site\/termos-e-condicoes\/","title":{"rendered":"Termos e Condi\u00e7\u00f5es"},"content":{"rendered":"<p style=\"text-align: center;\"><strong>Cadastro e Concord\u00e2ncia com os Termos e Condi\u00e7\u00f5es Gerais de Uso <\/strong><\/p>\n<p style=\"text-align: justify;\">O uso e o acesso ao site da <strong>Editora Kri\u00f4 Comics<\/strong> est\u00e3o condicionados a aceita\u00e7\u00e3o e obedi\u00eancia dos presentes Termos e Condi\u00e7\u00f5es Gerais. Ao acessar ou usar as fun\u00e7\u00f5es disponibilizadas pelo site da <strong>Editora Kri\u00f4 Comics<\/strong>, voc\u00ea expressamente concorda em obedecer a estes Termos e Condi\u00e7\u00f5es Gerais.<\/p>\n<p style=\"text-align: justify;\">Destaca-se que \u00e9 permitido ao Usu\u00e1rio o acesso \u00e0 \u00e1rea comum do site da <strong>Editora Kri\u00f4 Comics<\/strong>, no entanto, para que o Usu\u00e1rio realize coment\u00e1rios ser\u00e1 exigido cadastramento, no qual ser\u00e1 necess\u00e1rio preenchimento de informa\u00e7\u00f5es pessoais, incluindo um e-mail v\u00e1lido para contato (\u201cCadastro\u201d).<\/p>\n<p style=\"text-align: justify;\">O Usu\u00e1rio dever\u00e1 informar dados verdadeiros, exatos, atuais e completos sobre si mesmo quando efetuar o registro no site da <strong>Editora Kri\u00f4 Comics<\/strong>.<\/p>\n<p style=\"text-align: justify;\">Ressalta-se que o Usu\u00e1rio dever\u00e1 manter os seus dados atualizados.<\/p>\n<p style=\"text-align: justify;\">Ap\u00f3s o preenchimento das informa\u00e7\u00f5es necess\u00e1rias para realiza\u00e7\u00e3o do Cadastro e da aceita\u00e7\u00e3o dos presentes Termos e Condi\u00e7\u00f5es Gerais, o Usu\u00e1rio dever\u00e1 cadastrar um login (identifica\u00e7\u00e3o digital) e uma senha para acesso.<\/p>\n<p style=\"text-align: justify;\">O Usu\u00e1rio declara que \u00e9 o \u00fanico respons\u00e1vel por preservar a senha que utiliza para acessar a sua conta. Portanto, o Usu\u00e1rio possui o dever de cuidar e zelar pela guarda da sua senha e login, preservando os seus dados, evitando assim qualquer problema quanto ao uso indevido do site por terceiros.<\/p>\n<p style=\"text-align: justify;\">A <strong>Editora Kri\u00f4 Comics<\/strong> recomenda que o Usu\u00e1rio utilize senhas de alta seguran\u00e7a, ou seja, senhas que combinem letras min\u00fasculas e mai\u00fasculas, bem como n\u00fameros e s\u00edmbolos. Adicionalmente, a <strong>Editora Kri\u00f4 Comics<\/strong> aconselha que a senha seja alterada pelo Usu\u00e1rio periodicamente.<\/p>\n<p style=\"text-align: justify;\">No caso de perda ou furto da senha, o Usu\u00e1rio se compromete a informar imediatamente \u00e0 <strong>Editora Kri\u00f4 Comics<\/strong>, a fim de evitar o acesso indevido por terceiros.<\/p>\n<p style=\"text-align: justify;\">O Usu\u00e1rio concorda que a sua identifica\u00e7\u00e3o \u00e9 personal\u00edssima, n\u00e3o podendo ser transferida em qualquer hip\u00f3tese.<\/p>\n<p style=\"text-align: justify;\">Ao utilizar ou se cadastrar no site da <strong>Editora Kri\u00f4 Comics<\/strong>, o Usu\u00e1rio declara expressamente que leu integralmente, entendeu e concordou com as regras, termos e condi\u00e7\u00f5es estabelecidos nestes Termos e Condi\u00e7\u00f5es Gerais.<\/p>\n<p style=\"text-align: justify;\">Ressalta-se que a <strong>Editora Kri\u00f4 Comics<\/strong> poder\u00e1, a qualquer momento, sem notifica\u00e7\u00e3o pr\u00e9via, alterar qualquer configura\u00e7\u00e3o ou disponibiliza\u00e7\u00e3o de Servi\u00e7os oferecidos.<\/p>\n<p style=\"text-align: justify;\"><strong>Prop\u00f3sito<\/strong><\/p>\n<p style=\"text-align: justify;\">A <strong>Editora Kri\u00f4 Comics<\/strong> \u00e9 uma editora de revistas em quadrinhos idealizada pela jornalista <strong>Edna Pessanha<\/strong> com o objetivo de produzir, publicar, divulgar e comercializar exclusivamente seus projetos autorais e seus personagens.<\/p>\n<p style=\"text-align: justify;\"><strong>Prazo <\/strong><\/p>\n<p style=\"text-align: justify;\">O prazo de validade destes Termos e Condi\u00e7\u00f5es Gerais \u00e9 por tempo indeterminado e poder\u00e1 ser modificado a qualquer momento pela <strong>Editora Kri\u00f4 Comics<\/strong>, sem necessidade de notifica\u00e7\u00e3o pr\u00e9via.<\/p>\n<p style=\"text-align: justify;\"><strong>Uso <\/strong><\/p>\n<p style=\"text-align: justify;\">O Usu\u00e1rio declara que \u00e9 o \u00fanico respons\u00e1vel pelos coment\u00e1rios e informa\u00e7\u00f5es que vier a postar em rela\u00e7\u00e3o a qualquer assunto em pauta no site da <strong>Editora Kri\u00f4 Comics<\/strong>, incluindo as informa\u00e7\u00f5es para Cadastro de Uso.<\/p>\n<p style=\"text-align: justify;\">A <strong>Editora Kri\u00f4 Comics<\/strong> n\u00e3o possui qualquer responsabilidade por dados falsos que porventura venham a ser publicados por qualquer Usu\u00e1rio. Desta forma, o Usu\u00e1rio isenta totalmente e impreterivelmente a <strong>Editora Kri\u00f4 Comics<\/strong> de qualquer responsabilidade em rela\u00e7\u00e3o \u00e0 veracidade dos dados informados, tanto no Cadastro quanto nas informa\u00e7\u00f5es ou coment\u00e1rios publicados.<\/p>\n<p style=\"text-align: justify;\">O Usu\u00e1rio tamb\u00e9m declara que os presentes Termos e Condi\u00e7\u00f5es Gerais devem ser cumpridos em sua integralidade, sob pena de o Usu\u00e1rio ser exclu\u00eddo, na hip\u00f3tese do descumprimento de qualquer das regras previstas nestes Termos e Condi\u00e7\u00f5es Gerais.<\/p>\n<p style=\"text-align: justify;\">A <strong>Editora Kri\u00f4 Comics<\/strong> poder\u00e1 assim que tiver conhecimento, independente de aviso ou notifica\u00e7\u00e3o pr\u00e9via, excluir a conta do Usu\u00e1rio em raz\u00e3o de viola\u00e7\u00e3o de leis e regulamentos municipais, estaduais e federais, bem como violar a moral, a ordem p\u00fablica e os bons costumes.<\/p>\n<p style=\"text-align: justify;\"><strong>Venda<\/strong><\/p>\n<p style=\"text-align: justify;\">Verifique se todas as informa\u00e7\u00f5es do seu cadastro est\u00e3o corretas, tal como e-mail, telefone e endere\u00e7o, cadastros incompletos podem gerar atrasos no envio das revistas e cadastros incorretos podem gerar a devolu\u00e7\u00e3o das revistas, a <strong>Editora Kri\u00f4 Comics<\/strong> se responsabiliza somente pela devolu\u00e7\u00e3o das revistas, nos casos quando comprovado que o erro foi da empresa.<\/p>\n<p style=\"text-align: justify;\">A separa\u00e7\u00e3o, embalagem e postagem das revistas da <strong>Editora Kri\u00f4 Comics<\/strong> \u00e9 feita diariamente de acordo com a demanda de pedidos confirmados e pagos, a ordem de atendimento dos pedidos \u00e9 conforme a ordem de pagamento de cada comprador, ou seja, quem paga primeiro ter\u00e1 seu pedido postado primeiro, o prazo para separa\u00e7\u00e3o e envio de pedidos poder\u00e1 ser esticado, nos casos de algum motivo de for\u00e7a maior e imprevistos ou ainda durante recesso de f\u00e9rias no final e come\u00e7o de cada ano. <strong>ATEN\u00c7\u00c3O<\/strong>, o prazo para entrega da encomenda informado no carrinho de compras, come\u00e7a a contar apenas ap\u00f3s a postagem da mesma e n\u00e3o ap\u00f3s o pagamento feito por interm\u00e9dio do PagSeguro. Caso existam mais de um pedido em nome do mesmo cliente, e para o mesmo endere\u00e7o de envio, os pedidos n\u00e3o ser\u00e3o enviados juntos, cada pedido \u00e9 enviado em um pacote separado.<\/p>\n<p style=\"text-align: justify;\">Optamos pelos servi\u00e7os de entrega prestados pelos Correios &#8211; Empresa Brasileira de Correios e Tel\u00e9grafos &#8211; ECT, por sua efici\u00eancia, confiabilidade e custo-benef\u00edcio. Os produtos apresentados neste site podem ser encomendados e entregues somente dentro do Brasil desde que seja uma \u00e1rea coberta pelos Correios. Ao chegar ao caixa, escolha a melhor op\u00e7\u00e3o e o c\u00e1lculo do frete \u00e9 feito automaticamente.<\/p>\n<p style=\"text-align: justify;\">Ap\u00f3s a postagem das encomendas n\u00e3o temos controle sobre os prazos de entrega das mesmas, este prazo depende dos Correios, que podem atrasar em alguns casos,<\/p>\n<p style=\"text-align: justify;\">O cadastro de um comprador poder\u00e1 ser bloqueado nos casos em que foi informado um pagamento inexistente, independentemente da quantidade de pedidos abertos no site, salvo nos casos onde o comprador informou um pagamento por engano, e avisou a <strong>Editora Kri\u00f4 Comics<\/strong> imediatamente sobre o erro, e ainda em outros casos como uso indevido do cadastro, e informa\u00e7\u00f5es incorretas tal como e-mail incorreto que retorne ap\u00f3s fechar um pedido, para tanto \u00e9 importante observar que o cadastro poder\u00e1 ainda ser bloqueado, e outras medidas tomadas contra o comprador, em casos onde o comprador ap\u00f3s um pagamento efetuado via PagSeguro e ap\u00f3s o envio da revista, pedir o estorno do pagamento, por se tratar de um procedimento incorreto ao andamento de uma boa negocia\u00e7\u00e3o de compra e venda. Ser\u00e1 concedida uma exce\u00e7\u00e3o e o cadastro do comprador n\u00e3o ser\u00e1 bloqueado independentemente da quantidade de pedidos abertos no site, quando por alguma raz\u00e3o n\u00e3o explicada por parte do PagSeguro, o pagamento for cancelado, at\u00e9 que o comprador consiga efetuar sua compra.<\/p>\n<p style=\"text-align: justify;\"><strong>Respeito ao direito de arrependimento<\/strong><\/p>\n<p style=\"text-align: justify;\">Nossa Loja est\u00e1 em conformidade com o art. 49 do C\u00f3digo de Defesa do Consumidor:<\/p>\n<p style=\"text-align: justify;\">CDC &#8211; Lei n\u00ba 8.078 de 11 de Setembro de 1990. Disp\u00f5e sobre a prote\u00e7\u00e3o do consumidor e d\u00e1 outras provid\u00eancias. Art. 49. O consumidor pode desistir do contrato, no prazo de sete dias a contar de sua assinatura ou do ato de recebimento do produto ou servi\u00e7o, sempre que a contrata\u00e7\u00e3o de fornecimento de produtos e servi\u00e7os ocorrer fora do estabelecimento comercial, especialmente por telefone ou a domic\u00edlio. Par\u00e1grafo \u00fanico. Se o consumidor exercitar o direito de arrependimento previsto neste artigo, os valores eventualmente pagos, a qualquer t\u00edtulo, durante o prazo de reflex\u00e3o, ser\u00e3o devolvidos, de imediato, monetariamente atualizados.<\/p>\n<p style=\"text-align: justify;\">Sendo assim, caso desista de sua compra, observe os prazos e nos encaminhe um e-mail para <strong>contato@kriocomics.com.br<\/strong> manifestando sua inten\u00e7\u00e3o, observando ainda que a embalagem deve ser a original, estar intacta e fechada. N\u00e3o aceitaremos embalagens que tenham sido abertas, rasgadas ou rasuradas, assim como revistas manuseadas, recomendamos, portanto, o manuseio cuidadoso de nossas encomendas, antes da efetiva\u00e7\u00e3o da devolu\u00e7\u00e3o, elas passam por per\u00edcia para comprovar seu perfeito estado de conserva\u00e7\u00e3o, e somente ap\u00f3s isto o reembolso ou cancelamento ser\u00e1 efetuado. Caso seja constatado defeito por manuseio indevido, n\u00e3o nos responsabilizamos pela troca e a revista ser\u00e1 devolvida ao comprador. A <strong>Editora Kri\u00f4 Comics<\/strong> se reserva o direito de fazer a cobran\u00e7a de frete, e outras incumb\u00eancias de postagem do consumidor solicitante.<\/p>\n<p style=\"text-align: justify;\">Ap\u00f3s o recebimento de sua manifesta\u00e7\u00e3o, nosso Departamento de Atendimento ao Cliente enviar\u00e1 as instru\u00e7\u00f5es para a devolu\u00e7\u00e3o, bem como informar\u00e1 os procedimentos para ressarcimento dos valores pagos. A revista dever\u00e1 ser enviada ao endere\u00e7o da <strong>Editora Kri\u00f4 Comics<\/strong> \u00e0 Rua Elvira, 392 &#8211; Vila Gustavo &#8211; S\u00e3o Paulo &#8211; SP, CEP 02249-010, assim que o produto for recebido e verificado, o valor que o cliente pagou pelo produto ser\u00e1 estornado. Todos os encargos ser\u00e3o de responsabilidade do pr\u00f3prio cliente. A <strong>Editora Kri\u00f4 Comics<\/strong> se reserva o direito de fazer a cobran\u00e7a de frete e outras incumb\u00eancias de postagem do consumidor solicitante.<\/p>\n<p style=\"text-align: justify;\"><strong>Trocas e Defeitos <\/strong><\/p>\n<p style=\"text-align: justify;\">As revistas comercializadas pela <strong>Editora Kri\u00f4 Comics<\/strong> t\u00eam garantia por tempo indeterminado, recomendamos que as revistas adquiridas sejam conferidas imediatamente ap\u00f3s seu recebimento.<\/p>\n<p style=\"text-align: justify;\">Se comprovado algum defeito origin\u00e1rio de processo gr\u00e1fico, observe os prazos e nos encaminhe um e-mail para <strong>contato@kriocomics.com.br<\/strong> manifestando sua inten\u00e7\u00e3o, observando ainda que a embalagem deve ser a original. N\u00e3o aceitaremos embalagens que tenham sido rasgadas ou rasuradas, assim como revistas mal manuseadas, que n\u00e3o estejam em seu perfeito estado de conserva\u00e7\u00e3o e que tenham perdido a qualidade de produto novo, recomendamos, portanto, o manuseio cuidadoso de nossas revistas. Antes da efetiva\u00e7\u00e3o da devolu\u00e7\u00e3o, elas passam por per\u00edcia para comprovar seu perfeito estado de conserva\u00e7\u00e3o, e somente ap\u00f3s isto o reembolso ou cancelamento ser\u00e1 efetuado. Caso seja constatado defeito por manuseio indevido, n\u00e3o nos responsabilizamos pela troca e a revista ser\u00e1 devolvida ao comprador, e todos os encargos ser\u00e3o de responsabilidade do pr\u00f3prio cliente. A <strong>Editora Kri\u00f4 Comics<\/strong> se reserva o direito de fazer a cobran\u00e7a de frete e outras incumb\u00eancias de postagem do consumidor solicitante.<\/p>\n<p style=\"text-align: justify;\">Ap\u00f3s o recebimento de sua manifesta\u00e7\u00e3o, caso esta seja procedente, nosso Departamento de Atendimento ao Cliente enviar\u00e1 as instru\u00e7\u00f5es para a devolu\u00e7\u00e3o, bem como informar\u00e1 os procedimentos para ressarcimento dos valores pagos. O produto a ser trocado deve ser enviado ao endere\u00e7o da <strong>Editora Kri\u00f4 Comics<\/strong> \u00e0 Rua Elvira, 392 &#8211; Vila Gustavo &#8211; S\u00e3o Paulo &#8211; SP, CEP 02249-010, com frete a pagar ou pago pelo cliente, assim que o produto for recebido e verificado, o valor que o cliente pagou pelo produto ser\u00e1 estornado. Neste caso, se o cliente utilizou frete pago para devolver o produto, o valor do frete ser\u00e1 devolvido por meio de cupom de desconto, ou ser\u00e1 depositado na C\/C que o cliente determinar.<\/p>\n<p style=\"text-align: justify;\"><strong>Erro operacional, pedido efetuado erradamente<\/strong><\/p>\n<p style=\"text-align: justify;\">Caso voc\u00ea receba uma ou mais revistas em desacordo com o pedido efetuado, poder\u00e1 tamb\u00e9m devolv\u00ea-las ou troc\u00e1-las pela revista de seu interesse, em um prazo de at\u00e9 sete dias ap\u00f3s o recebimento.<\/p>\n<p style=\"text-align: justify;\">Para solicitar a troca do seu produto, caso encaixe-se nas hip\u00f3teses acima, entre em contato conosco atrav\u00e9s do e-mail <strong>contato@kriocomics.com.br<\/strong>.<\/p>\n<p style=\"text-align: justify;\">Antes de efetuar o envio do produto novamente para a <strong>Editora Kri\u00f4 Comics<\/strong>, pelos motivos citados nos quesitos anteriores, o cliente dever\u00e1 entrar em contato conosco, toda encomenda enviada de volta sem a comunica\u00e7\u00e3o pr\u00e9via ou fora do prazo legal, ser\u00e1 recusada e o produto devolvido para o mesmo endere\u00e7o do remetente, sendo o custo do frete por responsabilidade do consumidor.<\/p>\n<p style=\"text-align: justify;\"><strong>ATEN\u00c7\u00c3O:<\/strong> O produto que n\u00e3o atender \u00e0s condi\u00e7\u00f5es exigidas acima, n\u00e3o ser\u00e1 aceito como devolu\u00e7\u00e3o e automaticamente ser\u00e1 remetido de volta ao endere\u00e7o de origem. Nestas condi\u00e7\u00f5es, a <strong>Editora Kri\u00f4 Comics<\/strong> se reserva o direito de fazer nova cobran\u00e7a de frete.<\/p>\n<p style=\"text-align: justify;\"><strong>Pre\u00e7os<\/strong><\/p>\n<p style=\"text-align: justify;\">Todos os pre\u00e7os das revistas n\u00e3o est\u00e3o inclu\u00eddos os custos correspondentes \u00e0 entrega (frete) das mesmas, que ser\u00e1 informado no momento da conclus\u00e3o do pedido.<\/p>\n<p style=\"text-align: justify;\"><strong>Responsabilidade da Editora Kri\u00f4 Comics<\/strong><\/p>\n<p style=\"text-align: justify;\">Realizamos atualiza\u00e7\u00f5es no site, portanto o pre\u00e7o e disponibilidade de produtos poder\u00e3o ser alterados sem aviso pr\u00e9vio. A <strong>Editora Kri\u00f4 Comics<\/strong> n\u00e3o ser\u00e1 respons\u00e1vel por danos de qualquer tipo decorrentes de conex\u00e3o com o uso do site. A <strong>Editora Kri\u00f4 Comics<\/strong> se reserva o direito de fazer mudan\u00e7as em seu conte\u00fado, em sua pol\u00edtica de privacidade e nos termos e condi\u00e7\u00f5es a qualquer momento, sem aviso pr\u00e9vio.<\/p>\n<p style=\"text-align: justify;\"><strong>Informa\u00e7\u00f5es sobre as revistas comercializadas no site da Editora Kri\u00f4 Comics<\/strong><\/p>\n<p style=\"text-align: justify;\">As descri\u00e7\u00f5es das revistas oferecidas pela <strong>Editora Kri\u00f4 Comics<\/strong> foram feitas de maneira fidedigna a cada publica\u00e7\u00e3o. Se alguma revista comercializada pela <strong>Editora Kri\u00f4 Comics<\/strong> n\u00e3o corresponder \u00e0 descri\u00e7\u00e3o fornecida, solicitamos que entre em contato urgentemente conosco.<\/p>\n<p style=\"text-align: justify;\">Com rela\u00e7\u00e3o as imagens, elas s\u00e3o ilustrativas para cada revista, podem haver varia\u00e7\u00f5es. Todas as fotos de nossas revistas tentam reproduzir e exibir as cores com precis\u00e3o, por\u00e9m, elas podem variar de acordo com o seu monitor.<\/p>\n<p style=\"text-align: justify;\"><strong>Cupons de desconto<\/strong><\/p>\n<p style=\"text-align: justify;\">A oferta de cupons de desconto \u00e9 individual, n\u00e3o acumulativa, n\u00e3o pode ser utilizada por terceiros, perde a validade ap\u00f3s o prazo para utiliza\u00e7\u00e3o. Os cupons n\u00e3o poder\u00e3o ser utilizados caso sofram algum dano. N\u00e3o nos responsabilizamos por perda, roubo, rasura ou mau manuseio dos mesmos.<\/p>\n<p style=\"text-align: justify;\"><strong>Prote\u00e7\u00e3o \u00e0 fraude e atividades n\u00e3o autorizadas<\/strong><\/p>\n<p style=\"text-align: justify;\">Como parte de nossos procedimentos de prote\u00e7\u00e3o \u00e0 fraude ou outros tipos de atividades n\u00e3o autorizadas, a <strong>Editora Kri\u00f4 Comics<\/strong> se reserva o direito de recusar a efetivar uma compra ou efetuar uma entrega que tenha suspei\u00e7\u00e3o de fraude, ato il\u00edcito, atividade ilegal ou em casos que haja suspeita de m\u00e1 f\u00e9.<\/p>\n<p style=\"text-align: justify;\">Caso ocorra alguma suposi\u00e7\u00e3o, podemos rejeitar o seu pedido e cancelar a sua compra, sem aviso pr\u00e9vio. A equipe poder\u00e1 entrar em contato com voc\u00ea, pelo n\u00famero de telefone fornecido no cadastro para confirmar os seus dados. A <strong>Editora Kri\u00f4 Comics<\/strong> poder\u00e1 utilizar essas medidas para proteger seus clientes, bem como a si mesma de fraude ou atividades n\u00e3o autorizadas. Todos esses procedimentos ser\u00e3o realizados sem aviso pr\u00e9vio ao cliente.<\/p>\n<p style=\"text-align: justify;\">Em caso de d\u00favidas entre em contato com <strong>contato@kriocomics.com.br<\/strong> ou por nosso formul\u00e1rio de contato. \u200b<\/p>\n<p style=\"text-align: justify;\"><strong>Restitui\u00e7\u00e3o dos valores:\u200b<\/strong><\/p>\n<p style=\"text-align: justify;\">Para este quesito a <strong>Editora Kri\u00f4 Comics<\/strong> segue os prazos do PagSeguro.\u200b<\/p>\n<p style=\"text-align: justify;\"><strong>ATEN\u00c7\u00c3O:<\/strong> A restitui\u00e7\u00e3o dos valores ser\u00e1 processada somente ap\u00f3s o recebimento e an\u00e1lise das condi\u00e7\u00f5es das revistas em nossa sede. A embalagem deve ser a original. N\u00e3o aceitaremos embalagens que tenham sido rasgadas ou rasuradas, assim como revistas mal manuseadas, que n\u00e3o estejam em seu perfeito estado de conserva\u00e7\u00e3o e que tenham perdido a qualidade de produto novo, recomendamos, portanto, o manuseio cuidadoso de nossas revistas.<\/p>\n<p style=\"text-align: justify;\">Voc\u00ea poder\u00e1 fazer a escolha de outra revista conforme estoque dispon\u00edvel em nossa loja virtual.<\/p>\n<p style=\"text-align: justify;\">A escolha de uma nova revista dever\u00e1 se limitar ao valor da encomenda original. Se houver diferen\u00e7a, o pagamento dever\u00e1 ser feito de acordo com as op\u00e7\u00f5es existentes no site.<\/p>\n<p style=\"text-align: justify;\">O cliente dever\u00e1 indicar, atrav\u00e9s do e-mail <strong>contato@kriocomics.com.br<\/strong>, o novo item escolhido e o item de troca. O novo item ser\u00e1 despachado para a resid\u00eancia do cliente, ap\u00f3s confirma\u00e7\u00e3o de pagamento do frete e dos encargos gerados pela diferen\u00e7a de valores.<\/p>\n<p style=\"text-align: justify;\"><strong>Pol\u00edtica de Privacidade<\/strong><\/p>\n<p style=\"text-align: justify;\">A <strong>Editora Kri\u00f4 Comics<\/strong> garante o sigilo, privacidade e seguran\u00e7a de todas as informa\u00e7\u00f5es contidas no seu cadastro. Somente por meio do formul\u00e1rio de cadastro, voc\u00ea poder\u00e1 adquirir nossas revistas. A <strong>Editora Kri\u00f4 Comics<\/strong> respeita a sua privacidade e garante o sigilo absoluto das informa\u00e7\u00f5es que nos s\u00e3o fornecidas. Ressaltamos que elas s\u00e3o registradas de forma automatizada e armazenadas em nosso banco de dados, dispensando manipula\u00e7\u00e3o humana, por isso a sua seguran\u00e7a est\u00e1 garantida. Todas as informa\u00e7\u00f5es trafegam de forma segura, seguindo padr\u00f5es de confiabilidade.<\/p>\n<p style=\"text-align: justify;\">O site da <strong>Editora Kri\u00f4 Comics<\/strong> utiliza \u201ccookies\u201d (*) apenas para fins administrativos, por\u00e9m o usu\u00e1rio pode, a qualquer instante, ativar em seu navegador mecanismos para inform\u00e1-lo quando os mesmos forem acionados. N\u00e3o vendemos, trocamos ou divulgamos os dados de nossos clientes para terceiros, exceto quando essas informa\u00e7\u00f5es s\u00e3o necess\u00e1rias para o processo de entrega ou cobran\u00e7a.<\/p>\n<p style=\"text-align: justify;\">Periodicamente, podemos enviar e-mails a todos os cadastrados ou assinantes da Newsletter com avisos importantes, not\u00edcias, novidades, promo\u00e7\u00f5es e ofertas da nossa loja.<\/p>\n<p style=\"text-align: justify;\">Qualquer altera\u00e7\u00e3o que tenhamos sobre nossa pol\u00edtica de privacidade ser\u00e1 devidamente informada neste espa\u00e7o.<\/p>\n<p style=\"text-align: justify;\"><strong>Cart\u00f5es de cr\u00e9dito e informa\u00e7\u00f5es banc\u00e1rias<\/strong><\/p>\n<p style=\"text-align: justify;\">Qualquer tipo de informa\u00e7\u00e3o banc\u00e1ria ou de Cart\u00f5es de Cr\u00e9dito s\u00e3o asseguradas pela tecnologia dos certificados do PagSeguro UOL que interagem como mediador na negocia\u00e7\u00e3o entre voc\u00ea e nossa loja virtual. Ou seja, n\u00e3o temos acesso a essas informa\u00e7\u00f5es em nosso site.<\/p>\n<p style=\"text-align: justify;\"><strong>Direitos Autorais <\/strong><\/p>\n<p style=\"text-align: justify;\">A <strong>Editora Kri\u00f4 Comics<\/strong> observa que \u00e9 expressamente proibido, em concord\u00e2ncia com a Lei de Direitos Autorais n\u00ba 9.610\/98, que o Usu\u00e1rio utilize, publique, ofere\u00e7a, reproduza, exponha, qualquer conte\u00fado de propriedade da <strong>Editora Kri\u00f4 Comics<\/strong> sem a pr\u00e9via e expressa autoriza\u00e7\u00e3o, bem como a qualquer conte\u00fado disponibilizado pelo mesmo, tais como informa\u00e7\u00f5es, textos, imagens e\/ou outros materiais que sejam carregados, \u201clinkados\u201d, baixados ou que apare\u00e7am nos campos do site da <strong>Editora Kri\u00f4 Comics<\/strong>.<\/p>\n<p style=\"text-align: justify;\">As sugest\u00f5es e cr\u00edticas ao site da <strong>Editora Kri\u00f4 Comics<\/strong> dever\u00e3o ser realizadas mediante o envio de e-mail para: <strong>contato@kriocomics.com.br<\/strong><\/p>\n<p style=\"text-align: justify;\">Qualquer outra d\u00favida ou situa\u00e7\u00e3o n\u00e3o prevista neste regulamento, ser\u00e1 discutido entre as partes envolvidas <strong>Editora Kri\u00f4 Comics<\/strong> x Cliente para a melhor solu\u00e7\u00e3o entre ambas as partes.<\/p>\n<p style=\"text-align: justify;\">O Usu\u00e1rio concorda expressamente que o foro aplic\u00e1vel \u00e0 solu\u00e7\u00e3o de poss\u00edvel disputa ser\u00e1 o da comarca de S\u00e3o Paulo, excluindo qualquer outro por mais privilegiado que seja.<\/p>\n","protected":false},"excerpt":{"rendered":"<p>Cadastro e Concord\u00e2ncia com os Termos e Condi\u00e7\u00f5es Gerais de Uso O uso e o acesso ao site da Editora<\/p>\n","protected":false},"author":3,"featured_media":0,"parent":0,"menu_order":0,"comment_status":"closed","ping_status":"closed","template":"","meta":{"sfsi_plus_gutenberg_text_before_share":"","sfsi_plus_gutenberg_show_text_before_share":"","sfsi_plus_gutenberg_icon_type":"","sfsi_plus_gutenberg_icon_alignemt":"","sfsi_plus_gutenburg_max_per_row":"","footnotes":""},"class_list":["post-1105","page","type-page","status-publish","hentry"],"_links":{"self":[{"href":"https:\/\/kriocomics.com.br\/site\/wp-json\/wp\/v2\/pages\/1105","targetHints":{"allow":["GET"]}}],"collection":[{"href":"https:\/\/kriocomics.com.br\/site\/wp-json\/wp\/v2\/pages"}],"about":[{"href":"https:\/\/kriocomics.com.br\/site\/wp-json\/wp\/v2\/types\/page"}],"author":[{"embeddable":true,"href":"https:\/\/kriocomics.com.br\/site\/wp-json\/wp\/v2\/users\/3"}],"replies":[{"embeddable":true,"href":"https:\/\/kriocomics.com.br\/site\/wp-json\/wp\/v2\/comments?post=1105"}],"version-history":[{"count":6,"href":"https:\/\/kriocomics.com.br\/site\/wp-json\/wp\/v2\/pages\/1105\/revisions"}],"predecessor-version":[{"id":17513,"href":"https:\/\/kriocomics.com.br\/site\/wp-json\/wp\/v2\/pages\/1105\/revisions\/17513"}],"wp:attachment":[{"href":"https:\/\/kriocomics.com.br\/site\/wp-json\/wp\/v2\/media?parent=1105"}],"curies":[{"name":"wp","href":"https:\/\/api.w.org\/{rel}","templated":true}]}}