{"id":17464,"date":"2022-04-24T20:38:01","date_gmt":"2022-04-24T23:38:01","guid":{"rendered":"https:\/\/kriocomics.com.br\/site\/?page_id=17464"},"modified":"2022-04-24T20:38:01","modified_gmt":"2022-04-24T23:38:01","slug":"politica-de-privacidade","status":"publish","type":"page","link":"https:\/\/kriocomics.com.br\/site\/politica-de-privacidade\/","title":{"rendered":"Pol\u00edtica de Privacidade"},"content":{"rendered":"<table class=\"wp-list-table widefat fixed striped table-view-list pages\">\n<tbody id=\"the-list\">\n<tr id=\"post-17453\" class=\"iedit author-self level-0 post-17453 type-wpautoterms_page status-publish hentry\">\n<td class=\"shortcode column-shortcode\" data-colname=\"Shortcode\"><p>\u00daltima atualiza\u00e7\u00e3o: 24 de abril de 2022<\/p>\n<p>Editora Kri\u00f4 Comics (&#8220;n\u00f3s&#8221;, &#8220;n\u00f3s&#8221; ou &#8220;nosso&#8221;) opera o site Editora Kri\u00f4 Comics (o &#8220;Servi\u00e7o&#8221;).<\/p>\n<p>Esta p\u00e1gina informa sobre nossas pol\u00edticas relacionadas \u00e0 coleta, uso e divulga\u00e7\u00e3o de Informa\u00e7\u00f5es Pessoais quando voc\u00ea usa nosso Servi\u00e7o. N\u00e3o usaremos ou compartilharemos suas informa\u00e7\u00f5es com ningu\u00e9m, exceto conforme descrito nesta Pol\u00edtica de Privacidade.<\/p>\n<p>Usamos suas Informa\u00e7\u00f5es Pessoais para fornecer e melhorar o Servi\u00e7o. Ao usar o Servi\u00e7o, voc\u00ea concorda com a coleta e uso de informa\u00e7\u00f5es de acordo com esta pol\u00edtica. Salvo defini\u00e7\u00e3o em contr\u00e1rio nesta Pol\u00edtica de Privacidade, os termos usados \u200b\u200bnesta Pol\u00edtica de Privacidade t\u00eam os mesmos significados que em nossos Termos e Condi\u00e7\u00f5es, acess\u00edveis em https:\/\/kriocomics.com.br\/site<\/p>\n<h2>Coleta e uso de informa\u00e7\u00f5es<\/h2>\n<p>Ao usar nosso Servi\u00e7o, podemos solicitar que voc\u00ea nos forne\u00e7a determinadas informa\u00e7\u00f5es de identifica\u00e7\u00e3o pessoal que podem ser usadas para contat\u00e1-lo ou identific\u00e1-lo. As informa\u00e7\u00f5es de identifica\u00e7\u00e3o pessoal (&#8220;Informa\u00e7\u00f5es Pessoais&#8221;) podem incluir, mas n\u00e3o se limitam a:<\/p>\n<ul>\n<li>Nome<\/li>\n<li>Endere\u00e7o<\/li>\n<li>N\u00famero de Telefone<\/li>\n<li>Email<\/li>\n<\/ul>\n<h2>Dados de Registro<\/h2>\n<p>Coletamos informa\u00e7\u00f5es que seu navegador envia sempre que voc\u00ea visita nosso Servi\u00e7o (\u201cDados de registro\u201d). Esses Dados de Registro podem incluir informa\u00e7\u00f5es como o endere\u00e7o do Protocolo de Internet (\u201cIP\u201d) do seu computador, tipo de navegador, vers\u00e3o do navegador, as p\u00e1ginas de nosso Servi\u00e7o que voc\u00ea visita, a hora e a data de sua visita, o tempo gasto nessas p\u00e1ginas e outros Estatisticas.<\/p>\n<h2>Cookies<\/h2>\n<p>Cookies s\u00e3o arquivos com pequena quantidade de dados, que podem incluir um identificador \u00fanico an\u00f4nimo. Os cookies s\u00e3o enviados para o seu navegador a partir de um site e armazenados no disco r\u00edgido do seu computador.<\/p>\n<p>Usamos &#8220;cookies&#8221; para coletar informa\u00e7\u00f5es. Voc\u00ea pode instruir seu navegador para recusar todos os cookies ou para indicar quando um cookie est\u00e1 sendo enviado. No entanto, se voc\u00ea n\u00e3o aceitar cookies, talvez n\u00e3o consiga usar algumas partes do nosso Servi\u00e7o.<\/p>\n<h2>Provedores de Servi\u00e7o<\/h2>\n<p>Podemos empregar empresas e indiv\u00edduos terceirizados para facilitar nosso Servi\u00e7o, fornecer o Servi\u00e7o em nosso nome, executar servi\u00e7os relacionados ao Servi\u00e7o ou nos ajudar a analisar como nosso Servi\u00e7o \u00e9 usado.<\/p>\n<p>Esses terceiros t\u00eam acesso \u00e0s suas informa\u00e7\u00f5es pessoais apenas para realizar essas tarefas em nosso nome e s\u00e3o obrigados a n\u00e3o divulg\u00e1-las ou us\u00e1-las para qualquer outra finalidade.<\/p>\n<h2>Seguran\u00e7a<\/h2>\n<p>A seguran\u00e7a de suas Informa\u00e7\u00f5es Pessoais \u00e9 importante para n\u00f3s, mas lembre-se de que nenhum m\u00e9todo de transmiss\u00e3o pela Internet ou m\u00e9todo de armazenamento eletr\u00f4nico \u00e9 100% seguro. Embora nos esforcemos para usar meios comercialmente aceit\u00e1veis \u200b\u200bpara proteger suas Informa\u00e7\u00f5es Pessoais, n\u00e3o podemos garantir sua seguran\u00e7a absoluta.<\/p>\n<h2>Links para Outros Sites<\/h2>\n<p>Nosso Servi\u00e7o pode conter links para outros sites que n\u00e3o s\u00e3o operados por n\u00f3s. Se voc\u00ea clicar em um link de terceiros, ser\u00e1 direcionado ao site desse terceiro. Aconselhamos vivamente que reveja a Pol\u00edtica de Privacidade de cada site que visitar.<\/p>\n<p>N\u00e3o temos controle e n\u00e3o assumimos responsabilidade pelo conte\u00fado, pol\u00edticas de privacidade ou pr\u00e1ticas de quaisquer sites ou servi\u00e7os de terceiros.<\/p>\n<h2>Privacidade Infantil<\/h2>\n<p>Nosso Servi\u00e7o n\u00e3o se dirige a menores de 18 anos (&#8220;Crian\u00e7as&#8221;).<\/p>\n<p>N\u00e3o coletamos intencionalmente informa\u00e7\u00f5es de identifica\u00e7\u00e3o pessoal de crian\u00e7as menores de 18 anos. Se voc\u00ea \u00e9 pai ou respons\u00e1vel e est\u00e1 ciente de que seu filho nos forneceu Informa\u00e7\u00f5es Pessoais, entre em contato conosco. Se descobrirmos que uma crian\u00e7a menor de 18 anos nos forneceu Informa\u00e7\u00f5es Pessoais, excluiremos essas informa\u00e7\u00f5es de nossos servidores imediatamente.<\/p>\n<h2>Conformidade Com as Leis<\/h2>\n<p>Divulgaremos suas Informa\u00e7\u00f5es Pessoais quando exigido por lei ou intima\u00e7\u00e3o.<\/p>\n<h2>Altera\u00e7\u00f5es a esta Pol\u00edtica de Privacidade<\/h2>\n<p>Podemos atualizar nossa Pol\u00edtica de Privacidade de tempos em tempos. Notificaremos voc\u00ea sobre quaisquer altera\u00e7\u00f5es publicando a nova Pol\u00edtica de Privacidade nesta p\u00e1gina.<\/p>\n<p>Voc\u00ea \u00e9 aconselhado a revisar esta Pol\u00edtica de Privacidade periodicamente para quaisquer altera\u00e7\u00f5es. As altera\u00e7\u00f5es a esta Pol\u00edtica de Privacidade s\u00e3o efetivas quando publicadas nesta p\u00e1gina.<\/p>\n<h2>Contate-nos<\/h2>\n<p>Se voc\u00ea tiver alguma d\u00favida sobre esta Pol\u00edtica de Privacidade, entre em contato conosco.<\/p>\n<\/td>\n<\/tr>\n<\/tbody>\n<\/table>\n","protected":false},"excerpt":{"rendered":"","protected":false},"author":3,"featured_media":0,"parent":0,"menu_order":0,"comment_status":"closed","ping_status":"closed","template":"","meta":{"sfsi_plus_gutenberg_text_before_share":"","sfsi_plus_gutenberg_show_text_before_share":"","sfsi_plus_gutenberg_icon_type":"","sfsi_plus_gutenberg_icon_alignemt":"","sfsi_plus_gutenburg_max_per_row":"","footnotes":""},"class_list":["post-17464","page","type-page","status-publish","hentry"],"_links":{"self":[{"href":"https:\/\/kriocomics.com.br\/site\/wp-json\/wp\/v2\/pages\/17464","targetHints":{"allow":["GET"]}}],"collection":[{"href":"https:\/\/kriocomics.com.br\/site\/wp-json\/wp\/v2\/pages"}],"about":[{"href":"https:\/\/kriocomics.com.br\/site\/wp-json\/wp\/v2\/types\/page"}],"author":[{"embeddable":true,"href":"https:\/\/kriocomics.com.br\/site\/wp-json\/wp\/v2\/users\/3"}],"replies":[{"embeddable":true,"href":"https:\/\/kriocomics.com.br\/site\/wp-json\/wp\/v2\/comments?post=17464"}],"version-history":[{"count":1,"href":"https:\/\/kriocomics.com.br\/site\/wp-json\/wp\/v2\/pages\/17464\/revisions"}],"predecessor-version":[{"id":17465,"href":"https:\/\/kriocomics.com.br\/site\/wp-json\/wp\/v2\/pages\/17464\/revisions\/17465"}],"wp:attachment":[{"href":"https:\/\/kriocomics.com.br\/site\/wp-json\/wp\/v2\/media?parent=17464"}],"curies":[{"name":"wp","href":"https:\/\/api.w.org\/{rel}","templated":true}]}}