{"id":365,"date":"2018-09-20T16:41:09","date_gmt":"2018-09-20T19:41:09","guid":{"rendered":"https:\/\/kriocomics.com.br\/site\/?page_id=365"},"modified":"2022-05-01T15:49:38","modified_gmt":"2022-05-01T18:49:38","slug":"como-comprar","status":"publish","type":"page","link":"https:\/\/kriocomics.com.br\/site\/como-comprar\/","title":{"rendered":"Como comprar"},"content":{"rendered":"<p style=\"text-align: center;\"><strong>Comprar na loja virtual da Editora Kri\u00f4 Comics \u00e9 simples, r\u00e1pido e f\u00e1cil!<\/strong><\/p>\n<p>&nbsp;<\/p>\n<p><img loading=\"lazy\" decoding=\"async\" class=\"size-full wp-image-17500 alignleft\" src=\"https:\/\/kriocomics.com.br\/site\/wp-content\/uploads\/2022\/05\/1.jpg\" alt=\"\" width=\"173\" height=\"329\" srcset=\"https:\/\/kriocomics.com.br\/site\/wp-content\/uploads\/2022\/05\/1.jpg 173w, https:\/\/kriocomics.com.br\/site\/wp-content\/uploads\/2022\/05\/1-158x300.jpg 158w\" sizes=\"auto, (max-width: 173px) 100vw, 173px\" \/><\/p>\n<p style=\"text-align: justify;\">1 &#8211; Clique em &#8220;Comprar&#8221; na home do site, voc\u00ea ser\u00e1 direcionado para a p\u00e1gina espec\u00edfica. Clique na imagem ou em &#8220;Comprar&#8221;.<\/p>\n<p>&nbsp;<\/p>\n<p>&nbsp;<\/p>\n<p>&nbsp;<\/p>\n<p>&nbsp;<\/p>\n<p>&nbsp;<\/p>\n<p>&nbsp;<\/p>\n<p>&nbsp;<\/p>\n<p>&nbsp;<\/p>\n<p style=\"text-align: justify;\">2 &#8211; Voc\u00ea ser\u00e1 direcionado para a p\u00e1gina &#8220;Carrinho&#8221;. No quesito &#8220;Quantidade&#8221; voc\u00ea escolhe quantas revistas do t\u00edtulo escolhido deseja comprar. Caso deseje adquirir outro t\u00edtulo clique em &#8220;Continuar comprando&#8221;. Para excluir um item de seu carrinho, clique no &#8220;X&#8221; em vermelho \u00e0 esquerda da imagem. Ap\u00f3s escolher todos os itens que deseja comprar clique em &#8220;Atualizar carrinho&#8221;.<\/p>\n<p style=\"text-align: justify;\"><img loading=\"lazy\" decoding=\"async\" class=\"alignnone size-full wp-image-17501\" src=\"https:\/\/kriocomics.com.br\/site\/wp-content\/uploads\/2022\/05\/2.jpg\" alt=\"\" width=\"744\" height=\"353\" srcset=\"https:\/\/kriocomics.com.br\/site\/wp-content\/uploads\/2022\/05\/2.jpg 744w, https:\/\/kriocomics.com.br\/site\/wp-content\/uploads\/2022\/05\/2-300x142.jpg 300w, https:\/\/kriocomics.com.br\/site\/wp-content\/uploads\/2022\/05\/2-600x285.jpg 600w\" sizes=\"auto, (max-width: 744px) 100vw, 744px\" \/><\/p>\n<p>&nbsp;<\/p>\n<p>&nbsp;<\/p>\n<p style=\"text-align: justify;\">3 &#8211; Clique no quesito &#8220;Calcular entrega&#8221;, escolha a op\u00e7\u00e3o que desejar e clique em &#8220;Finalizar compra&#8221;.<\/p>\n<p><img loading=\"lazy\" decoding=\"async\" class=\"size-full wp-image-17502 aligncenter\" src=\"https:\/\/kriocomics.com.br\/site\/wp-content\/uploads\/2022\/05\/3.jpg\" alt=\"\" width=\"359\" height=\"604\" srcset=\"https:\/\/kriocomics.com.br\/site\/wp-content\/uploads\/2022\/05\/3.jpg 359w, https:\/\/kriocomics.com.br\/site\/wp-content\/uploads\/2022\/05\/3-178x300.jpg 178w\" sizes=\"auto, (max-width: 359px) 100vw, 359px\" \/><\/p>\n<p>&nbsp;<\/p>\n<p>&nbsp;<\/p>\n<p style=\"text-align: justify;\">4 &#8211; Ao finalizar sua compra, caso queira que sua revista seja entregue em outro endere\u00e7o, basta preencher a op\u00e7\u00e3o &#8220;Entregar para um endere\u00e7o diferente?&#8221; com os dados corretos. Caso contr\u00e1rio preencha o formul\u00e1rio &#8220;Detalhes de faturamento&#8221;.<\/p>\n<p><img loading=\"lazy\" decoding=\"async\" class=\"size-full wp-image-17503 aligncenter\" src=\"https:\/\/kriocomics.com.br\/site\/wp-content\/uploads\/2022\/05\/4.jpg\" alt=\"\" width=\"731\" height=\"371\" srcset=\"https:\/\/kriocomics.com.br\/site\/wp-content\/uploads\/2022\/05\/4.jpg 731w, https:\/\/kriocomics.com.br\/site\/wp-content\/uploads\/2022\/05\/4-300x152.jpg 300w, https:\/\/kriocomics.com.br\/site\/wp-content\/uploads\/2022\/05\/4-600x305.jpg 600w\" sizes=\"auto, (max-width: 731px) 100vw, 731px\" \/><\/p>\n<p>5 &#8211; Aparecer\u00e1 uma tela com os detalhes de seu pedido, e o valor total a ser pago.<\/p>\n<p><img loading=\"lazy\" decoding=\"async\" class=\"alignnone size-full wp-image-17504\" src=\"https:\/\/kriocomics.com.br\/site\/wp-content\/uploads\/2022\/05\/5.jpg\" alt=\"\" width=\"735\" height=\"448\" srcset=\"https:\/\/kriocomics.com.br\/site\/wp-content\/uploads\/2022\/05\/5.jpg 735w, https:\/\/kriocomics.com.br\/site\/wp-content\/uploads\/2022\/05\/5-300x183.jpg 300w, https:\/\/kriocomics.com.br\/site\/wp-content\/uploads\/2022\/05\/5-600x366.jpg 600w\" sizes=\"auto, (max-width: 735px) 100vw, 735px\" \/><\/p>\n<p>&nbsp;<\/p>\n<p style=\"text-align: justify;\">5 &#8211; Ap\u00f3s ler e concordar com os Termos e Condi\u00e7\u00f5es, escolha como deseja fazer o pagamento: Transfer\u00eancia banc\u00e1ria, PIX ou PagSeguro, e clique em &#8220;Realizar pagamento&#8221;.<\/p>\n<p><img loading=\"lazy\" decoding=\"async\" class=\"size-full wp-image-17505 aligncenter\" src=\"https:\/\/kriocomics.com.br\/site\/wp-content\/uploads\/2022\/05\/6.jpg\" alt=\"\" width=\"732\" height=\"439\" srcset=\"https:\/\/kriocomics.com.br\/site\/wp-content\/uploads\/2022\/05\/6.jpg 732w, https:\/\/kriocomics.com.br\/site\/wp-content\/uploads\/2022\/05\/6-300x180.jpg 300w, https:\/\/kriocomics.com.br\/site\/wp-content\/uploads\/2022\/05\/6-600x360.jpg 600w\" sizes=\"auto, (max-width: 732px) 100vw, 732px\" \/><\/p>\n<p>&nbsp;<\/p>\n<p style=\"text-align: justify;\">6 &#8211; Voc\u00ea ver\u00e1 o n\u00famero de seu pedido, o valor a ser pago e ser\u00e1 direcionado para o PagSeguro a fim de realizar o pagamento.<\/p>\n<p><img loading=\"lazy\" decoding=\"async\" class=\"size-full wp-image-17506 aligncenter\" src=\"https:\/\/kriocomics.com.br\/site\/wp-content\/uploads\/2022\/05\/7.jpg\" alt=\"\" width=\"624\" height=\"179\" srcset=\"https:\/\/kriocomics.com.br\/site\/wp-content\/uploads\/2022\/05\/7.jpg 624w, https:\/\/kriocomics.com.br\/site\/wp-content\/uploads\/2022\/05\/7-300x86.jpg 300w, https:\/\/kriocomics.com.br\/site\/wp-content\/uploads\/2022\/05\/7-600x172.jpg 600w\" sizes=\"auto, (max-width: 624px) 100vw, 624px\" \/><\/p>\n<p>&nbsp;<\/p>\n<p style=\"text-align: justify;\">7 &#8211; Siga as orienta\u00e7\u00f5es do PagSeguro e escolha a melhor maneira de realizar seu pagamento.<\/p>\n<p><img loading=\"lazy\" decoding=\"async\" class=\"size-full wp-image-17507 aligncenter\" src=\"https:\/\/kriocomics.com.br\/site\/wp-content\/uploads\/2022\/05\/8.jpg\" alt=\"\" width=\"734\" height=\"599\" srcset=\"https:\/\/kriocomics.com.br\/site\/wp-content\/uploads\/2022\/05\/8.jpg 734w, https:\/\/kriocomics.com.br\/site\/wp-content\/uploads\/2022\/05\/8-300x245.jpg 300w, https:\/\/kriocomics.com.br\/site\/wp-content\/uploads\/2022\/05\/8-600x490.jpg 600w\" sizes=\"auto, (max-width: 734px) 100vw, 734px\" \/><\/p>\n<p>&nbsp;<\/p>\n<p style=\"text-align: justify;\">Para que n\u00e3o haja problemas com a entrega de suas revistas, confira se seus dados foram preenchidos corretamente.<\/p>\n<p style=\"text-align: center;\">Depois disso, \u00e9 s\u00f3 esperar sua HQ da <strong>Editora Kri\u00f4 Comics<\/strong> chegar!!!<\/p>\n<p style=\"text-align: center;\">Queremos que voc\u00ea continue sendo nosso cliente<\/p>\n<p style=\"text-align: justify;\">Comprando as HQs da <strong>Editora Kri\u00f4 Comics<\/strong>, voc\u00ea apoia os projetos educacionais e sociais da\u00a0<strong>Associa\u00e7\u00e3o Educacional e Assistencial\u00a0<\/strong><span style=\"color: #000080;\"><a style=\"color: #000080;\" href=\"https:\/\/casadozezinho.org.br\/\" target=\"_blank\" rel=\"noopener\"><strong>Casa do Zezinho<\/strong><\/a><\/span>, que oferece educa\u00e7\u00e3o complementar, arte, cultura e oficinas de capacita\u00e7\u00e3o profissional para crian\u00e7as e jovens que vivem em situa\u00e7\u00e3o de alta vulnerabilidade social, localizada no Parque Maria Helena, zona sul de S\u00e3o Paulo.<\/p>\n<p style=\"text-align: justify;\">\n<p>&nbsp;<\/p>\n","protected":false},"excerpt":{"rendered":"<p>Comprar na loja virtual da Editora Kri\u00f4 Comics \u00e9 simples, r\u00e1pido e f\u00e1cil! &nbsp; 1 &#8211; Clique em &#8220;Comprar&#8221; na<\/p>\n","protected":false},"author":2,"featured_media":0,"parent":0,"menu_order":0,"comment_status":"closed","ping_status":"closed","template":"","meta":{"sfsi_plus_gutenberg_text_before_share":"","sfsi_plus_gutenberg_show_text_before_share":"","sfsi_plus_gutenberg_icon_type":"","sfsi_plus_gutenberg_icon_alignemt":"","sfsi_plus_gutenburg_max_per_row":"","footnotes":""},"class_list":["post-365","page","type-page","status-publish","hentry"],"_links":{"self":[{"href":"https:\/\/kriocomics.com.br\/site\/wp-json\/wp\/v2\/pages\/365","targetHints":{"allow":["GET"]}}],"collection":[{"href":"https:\/\/kriocomics.com.br\/site\/wp-json\/wp\/v2\/pages"}],"about":[{"href":"https:\/\/kriocomics.com.br\/site\/wp-json\/wp\/v2\/types\/page"}],"author":[{"embeddable":true,"href":"https:\/\/kriocomics.com.br\/site\/wp-json\/wp\/v2\/users\/2"}],"replies":[{"embeddable":true,"href":"https:\/\/kriocomics.com.br\/site\/wp-json\/wp\/v2\/comments?post=365"}],"version-history":[{"count":15,"href":"https:\/\/kriocomics.com.br\/site\/wp-json\/wp\/v2\/pages\/365\/revisions"}],"predecessor-version":[{"id":17510,"href":"https:\/\/kriocomics.com.br\/site\/wp-json\/wp\/v2\/pages\/365\/revisions\/17510"}],"wp:attachment":[{"href":"https:\/\/kriocomics.com.br\/site\/wp-json\/wp\/v2\/media?parent=365"}],"curies":[{"name":"wp","href":"https:\/\/api.w.org\/{rel}","templated":true}]}}