{"id":368,"date":"2018-09-20T16:45:25","date_gmt":"2018-09-20T19:45:25","guid":{"rendered":"https:\/\/kriocomics.com.br\/site\/?page_id=368"},"modified":"2024-06-22T03:22:27","modified_gmt":"2024-06-22T06:22:27","slug":"sobre-nos","status":"publish","type":"page","link":"https:\/\/kriocomics.com.br\/site\/sobre-nos\/","title":{"rendered":"Sobre n\u00f3s"},"content":{"rendered":"<p style=\"text-align: justify;\">A <strong>Editora Kri\u00f4 Comics<\/strong> \u00e9 uma editora brasileira de revistas em quadrinhos. Fundada e dirigida pela jornalista e escritora <strong>Edna Pessanha<\/strong>, objetiva publicar unicamente, seus projetos autorais, e contar hist\u00f3rias de todas as minorias.<\/p>\n<p style=\"text-align: justify;\">A jornalista tamb\u00e9m idealizou e ir\u00e1 apresentar o <strong>Programa Kri\u00f4 Arte<\/strong>, um programa com conte\u00fado totalmente voltado para os segmentos de arte e cultura, que ser\u00e1 veiculado no canal do <strong>Kri\u00f4 Arte<\/strong> no Youtube.<\/p>\n<p style=\"text-align: justify;\"><strong>Edna Pessanha<\/strong> \u00e9 membro da CASP &#8211; Caritas Arquidiocesana de S\u00e3o Paulo, organiza\u00e7\u00e3o de assist\u00eancia social e direitos humanos, que integra a rede da Caritas Brasileira e a Caritas Internacionalis, do CNLB &#8211; Conselho Nacional do Laicato do Brasil, da Pascom Brasil, Pastoral da Comunica\u00e7\u00e3o da CNBB &#8211; Confer\u00eancia Nacional dos Bispos do Brasil, da Pastoral da Comunica\u00e7\u00e3o da Diocese de Santana, na cidade de S\u00e3o Paulo, e do Grupo de Leigos e Leigas da Arquidiocese de S\u00e3o Paulo.<\/p>\n<p style=\"text-align: justify;\">Com o objetivo de fazer da <strong>Editora Kri\u00f4 Comics<\/strong> uma empresa socialmente respons\u00e1vel, de contribuir com a melhoria da sociedade em que vive e atua, de potencializar o senso de cidadania, a consci\u00eancia social dos indiv\u00edduos e fazer parte da constru\u00e7\u00e3o de um futuro melhor, <strong>Edna Pessanha<\/strong> idealizou o <strong>Kri\u00f4 Social<\/strong>, que \u00e9 o bra\u00e7o social da <strong>Editora Kri\u00f4 Comics<\/strong>.<\/p>\n<p style=\"text-align: justify;\">Juntamente com parcerias e apoio de institui\u00e7\u00f5es, organiza\u00e7\u00f5es sociais, entidades p\u00fablicas, empresas privadas, a\u00e7\u00f5es e iniciativas individuais e demais setores da sociedade, o <strong>Kri\u00f4 Social<\/strong> pretende promover a sensibiliza\u00e7\u00e3o, anima\u00e7\u00e3o e articula\u00e7\u00e3o da caridade, al\u00e9m de oportunidades e a\u00e7\u00f5es transformadoras que proporcionem ao ser humano uma vida digna e justa.<\/p>\n<p style=\"text-align: justify;\">Por meio do <strong>Kri\u00f4 Social<\/strong>, a <strong>Editora Kri\u00f4 Comics<\/strong>\u00a0doa parte do valor de capa de cada uma de suas publica\u00e7\u00f5es, para um projeto, ou a\u00e7\u00e3o social.<\/p>\n<p>&nbsp;<\/p>\n<p>&nbsp;<\/p>\n<p>&nbsp;<\/p>\n<p>&nbsp;<\/p>\n<p>&nbsp;<\/p>\n","protected":false},"excerpt":{"rendered":"<p>A Editora Kri\u00f4 Comics \u00e9 uma editora brasileira de revistas em quadrinhos. Fundada e dirigida pela jornalista e escritora Edna<\/p>\n","protected":false},"author":2,"featured_media":0,"parent":0,"menu_order":0,"comment_status":"closed","ping_status":"closed","template":"","meta":{"sfsi_plus_gutenberg_text_before_share":"","sfsi_plus_gutenberg_show_text_before_share":"","sfsi_plus_gutenberg_icon_type":"","sfsi_plus_gutenberg_icon_alignemt":"","sfsi_plus_gutenburg_max_per_row":"","footnotes":""},"class_list":["post-368","page","type-page","status-publish","hentry"],"_links":{"self":[{"href":"https:\/\/kriocomics.com.br\/site\/wp-json\/wp\/v2\/pages\/368","targetHints":{"allow":["GET"]}}],"collection":[{"href":"https:\/\/kriocomics.com.br\/site\/wp-json\/wp\/v2\/pages"}],"about":[{"href":"https:\/\/kriocomics.com.br\/site\/wp-json\/wp\/v2\/types\/page"}],"author":[{"embeddable":true,"href":"https:\/\/kriocomics.com.br\/site\/wp-json\/wp\/v2\/users\/2"}],"replies":[{"embeddable":true,"href":"https:\/\/kriocomics.com.br\/site\/wp-json\/wp\/v2\/comments?post=368"}],"version-history":[{"count":31,"href":"https:\/\/kriocomics.com.br\/site\/wp-json\/wp\/v2\/pages\/368\/revisions"}],"predecessor-version":[{"id":19967,"href":"https:\/\/kriocomics.com.br\/site\/wp-json\/wp\/v2\/pages\/368\/revisions\/19967"}],"wp:attachment":[{"href":"https:\/\/kriocomics.com.br\/site\/wp-json\/wp\/v2\/media?parent=368"}],"curies":[{"name":"wp","href":"https:\/\/api.w.org\/{rel}","templated":true}]}}