{"id":18952,"date":"2023-08-07T02:57:20","date_gmt":"2023-08-07T05:57:20","guid":{"rendered":"https:\/\/kriocomics.com.br\/site\/?post_type=product&#038;p=18952"},"modified":"2023-11-02T01:52:40","modified_gmt":"2023-11-02T04:52:40","slug":"livro-jogo-educativo-de-rpg-da-dininha-e-sua-turma-olimpiada-da-dininha-versao-impressa","status":"publish","type":"product","link":"https:\/\/kriocomics.com.br\/site\/produto\/livro-jogo-educativo-de-rpg-da-dininha-e-sua-turma-olimpiada-da-dininha-versao-impressa\/","title":{"rendered":"Livro Jogo Educativo de RPG da Dininha e Sua Turma &#8211; Olimp\u00edada da Dininha &#8211; Vers\u00e3o Impressa"},"content":{"rendered":"<p style=\"text-align: center;\"><strong>Bem-vindo ao Kri\u00f4 RPG, o jogo de RPG do universo da Kri\u00f4 Comics<\/strong><\/p>\n<p><strong>Voc\u00ea j\u00e1 ouviu falar de RPG?\u00a0<\/strong><\/p>\n<p style=\"text-align: justify;\">Do ingl\u00eas <strong>Role Playing Game<\/strong> (jogo de interpreta\u00e7\u00e3o), <strong>RPG<\/strong> \u00e9 uma reuni\u00e3o de amigos que, juntos, assumem pap\u00e9is de personagens fict\u00edcios para vivenciarem uma hist\u00f3ria \u00fanica.\u00a0O jogo de <strong>RPG<\/strong> acontece nas conversas entre Narrador e Personagens, \u00e9 nesse \u201cdi\u00e1logo bate e volta\u201d que Personagens enfrentam desafios e saem vitoriosos!<\/p>\n<p style=\"text-align: justify;\">Uma aventura de <strong>RPG<\/strong> pode surgir de qualquer coisa. S\u00e9rio, qualquer coisa! Tudo que precisamos \u00e9 de uma Situa\u00e7\u00e3o interessante e curiosa. Talvez seja um dia especial, algo que vai acontecer no parque, ou talvez, tenha algo de estranho acontecendo no bairro.<\/p>\n<p>A Situa\u00e7\u00e3o \u00e9 o ponto de partida, de onde vamos tirar todas as ideias, ent\u00e3o, pare um tempo, e pense bem sobre que tipo de aventura voc\u00eas querem viver na mesa, busque inspira\u00e7\u00e3o em livros, s\u00e9ries, desenhos e hist\u00f3rias que voc\u00eas gostam.<\/p>\n<p style=\"text-align: justify;\">No<strong> Livro Jogo Educativo de RPG da Dininha e Sua Turma<\/strong>, voc\u00ea vai encontrar um jogo de interpreta\u00e7\u00e3o de pap\u00e9is, onde voc\u00ea e seus amigos, ir\u00e3o trabalhar juntos para criar e viver, uma hist\u00f3ria com personagens e aventuras.\u00a0Aqui tem tudo o que \u00e9 preciso para come\u00e7ar a jogar: as regras para os personagens, sugest\u00f5es de aventuras, e dicas para criar suas pr\u00f3prias aventuras! Esse jogo \u00e9 acima de tudo, sobre imagina\u00e7\u00e3o. Com os personagens que voc\u00ea vai criar, \u00e9 poss\u00edvel fazer o que quiser!<\/p>\n<p style=\"text-align: justify;\"><strong>Como jogar<\/strong><\/p>\n<p style=\"text-align: justify;\">\u00c9 muito f\u00e1cil! Voc\u00eas precisar\u00e3o de l\u00e1pis, papel, borracha e alguns dados simples, de seis lados (o d6).\u00a0 Voc\u00ea ir\u00e1 interpretar crian\u00e7as que vivem altas aventuras nas ruas, quintais, escolas e parques. Os personagens exploram segredos, se envolvem em confus\u00f5es engra\u00e7adas, indo at\u00e9 onde a imagina\u00e7\u00e3o permitir.<\/p>\n<p style=\"text-align: justify;\">O <strong>Kri\u00f4 RPG<\/strong>, levar\u00e1 a crian\u00e7ada a viver aventuras incr\u00edveis no universo dos quadrinhos da <strong>Kri\u00f4 Comics<\/strong>, onde eles ir\u00e3o se divertir aprendendo, e aprender\u00e3o se divertindo.<\/p>\n<p style=\"text-align: justify;\"><strong>E n\u00e3o se esque\u00e7a!<\/strong><\/p>\n<p style=\"text-align: justify;\">Por meio de seu bra\u00e7o social, o <strong>Kri\u00f4 Social<\/strong>, a <strong>Editora Kri\u00f4 Comics<\/strong> doa 10% do valor de capa de cada uma de suas revistas, para um projeto social ou art\u00edstico, um artista independente, um coletivo cultural, etc., enfim, para onde o comprador desejar. Basta no momento da compra pelo site da editora, ser informado o nome do contemplado. Toda log\u00edstica do envio das revistas, fica totalmente a cargo da Editora.<\/p>\n<p>&nbsp;<\/p>\n","protected":false},"excerpt":{"rendered":"<p><strong>Livro Jogo Educativo de RPG da Dininha e Sua Turma &#8211; Olimp\u00edada da Dininha<\/strong> &#8211; Vers\u00e3o Impressa<\/p>\n<p>Em fino acabamento, esta publica\u00e7\u00e3o tem 16 p\u00e1ginas, formato 21 x 29 cm. Capa em papel couch\u00ea com verniz, e 150 de gramatura. Miolo em papel couch\u00ea brilho, com 115 de gramatura.<\/p>\n","protected":false},"featured_media":18953,"comment_status":"open","ping_status":"closed","template":"","meta":{"sfsi_plus_gutenberg_text_before_share":"","sfsi_plus_gutenberg_show_text_before_share":"","sfsi_plus_gutenberg_icon_type":"","sfsi_plus_gutenberg_icon_alignemt":"","sfsi_plus_gutenburg_max_per_row":""},"product_brand":[],"product_cat":[7246],"product_tag":[7198,7194,7195,7197,7199,7196],"class_list":{"0":"post-18952","1":"product","2":"type-product","3":"status-publish","4":"has-post-thumbnail","6":"product_cat-livro-jogo","7":"product_tag-dininha-e-sua-turma","8":"product_tag-livro-jogo","9":"product_tag-livro-jogo-educativo","10":"product_tag-livro-jogo-educativo-de-rpg-da-dininha-e-sua-turma","11":"product_tag-olimpiada-da-dininha","12":"product_tag-rpg","13":"product_shipping_class-correios","15":"first","16":"instock","17":"shipping-taxable","18":"purchasable","19":"product-type-simple"},"_links":{"self":[{"href":"https:\/\/kriocomics.com.br\/site\/wp-json\/wp\/v2\/product\/18952","targetHints":{"allow":["GET"]}}],"collection":[{"href":"https:\/\/kriocomics.com.br\/site\/wp-json\/wp\/v2\/product"}],"about":[{"href":"https:\/\/kriocomics.com.br\/site\/wp-json\/wp\/v2\/types\/product"}],"replies":[{"embeddable":true,"href":"https:\/\/kriocomics.com.br\/site\/wp-json\/wp\/v2\/comments?post=18952"}],"wp:featuredmedia":[{"embeddable":true,"href":"https:\/\/kriocomics.com.br\/site\/wp-json\/wp\/v2\/media\/18953"}],"wp:attachment":[{"href":"https:\/\/kriocomics.com.br\/site\/wp-json\/wp\/v2\/media?parent=18952"}],"wp:term":[{"taxonomy":"product_brand","embeddable":true,"href":"https:\/\/kriocomics.com.br\/site\/wp-json\/wp\/v2\/product_brand?post=18952"},{"taxonomy":"product_cat","embeddable":true,"href":"https:\/\/kriocomics.com.br\/site\/wp-json\/wp\/v2\/product_cat?post=18952"},{"taxonomy":"product_tag","embeddable":true,"href":"https:\/\/kriocomics.com.br\/site\/wp-json\/wp\/v2\/product_tag?post=18952"}],"curies":[{"name":"wp","href":"https:\/\/api.w.org\/{rel}","templated":true}]}}