{"id":20060,"date":"2024-08-16T10:46:52","date_gmt":"2024-08-16T13:46:52","guid":{"rendered":"https:\/\/kriocomics.com.br\/site\/?post_type=product&#038;p=20060"},"modified":"2024-08-28T17:14:43","modified_gmt":"2024-08-28T20:14:43","slug":"hq-da-dininha-e-sua-turma-no-1","status":"publish","type":"product","link":"https:\/\/kriocomics.com.br\/site\/produto\/hq-da-dininha-e-sua-turma-no-1\/","title":{"rendered":"HQ da Dininha e Sua Turma &#8211; n\u00ba 1  Vers\u00e3o impressa"},"content":{"rendered":"<p style=\"text-align: justify;\">A revistinha com as hist\u00f3rias da Dininha e Sua Turma, contar\u00e1 as aventuras de seis crian\u00e7as que se conhecem durante um mutir\u00e3o para a constru\u00e7\u00e3o da casa pr\u00f3pria em um bairro nobre. A chegada dos novos vizinhos incomoda os moradores, que por preconceito, imaginam que se formar\u00e1 uma favela no local, por\u00e9m, estes ir\u00e3o contribuir para que haja melhorias nos arredores.<\/p>\n<p style=\"text-align: justify;\">\u00c9 um quadrinho de espelho e inclus\u00e3o, as crian\u00e7as ir\u00e3o conhecer nesta publica\u00e7\u00e3o, al\u00e9m da Dininha, l\u00edder da Turma, que gosta de ler, escrever, e criar muitas hist\u00f3rias, tem a Luany, uma refugiada vinda de Angola, pa\u00eds que passou por uma guerra civil, e ainda hoje sofre com as minas terrestres. Luany pisou em uma dessas minas, tem a perna direita mec\u00e2nica, e mostrar\u00e1 que a defici\u00eancia n\u00e3o a impossibilita de fazer tudo o que gosta. Alile e Tonico, dois personagens levemente obesos, fora do que \u00e9 considerado padr\u00e3o de est\u00e9tica, o que n\u00e3o os impede de ter uma autoestima elevada. Alile gosta de desenho e pintura, Tonico monta e desmonta brinquedos, e inventa engenhocas. Tito, um cadeirante que agrega a turminha para n\u00e3o terem um olhar diferenciado sobre ele, auxiliando-o em suas limita\u00e7\u00f5es, n\u00e3o o excluindo das brincadeiras e atividades do grupo, gosta de tecnologia, inventar engenhocas eletr\u00f4nicas, e usa sua imagina\u00e7\u00e3o sem limites, e Zez\u00e9, um apreciador de m\u00fasica, literatura, teatro, cinema, etc, sempre consumindo conte\u00fados de qualidade. As crian\u00e7as negras, ou n\u00e3o, ir\u00e3o se reconhecer nestes personagens, que mostram como podemos aprender com as diferen\u00e7as, trazendo \u00e0 tona quest\u00f5es de representatividade, com protagonismo de personagens negros, e PCD.<\/p>\n","protected":false},"excerpt":{"rendered":"<p>Revista Dininha e Sua Turma &#8211; n\u00ba 1<\/p>\n<p style=\"text-align: justify;\">Em fino acabamento, esta publica\u00e7\u00e3o tem 36 p\u00e1ginas, formato 17 x 23 cm. Capa em papel couch\u00ea com verniz, e 150 de gramatura. Miolo em papel couch\u00ea brilho, com 115 de gramatura.<\/p>\n","protected":false},"featured_media":20055,"comment_status":"open","ping_status":"closed","template":"","meta":{"sfsi_plus_gutenberg_text_before_share":"","sfsi_plus_gutenberg_show_text_before_share":"","sfsi_plus_gutenberg_icon_type":"","sfsi_plus_gutenberg_icon_alignemt":"","sfsi_plus_gutenburg_max_per_row":""},"product_brand":[],"product_cat":[50,44],"product_tag":[7504],"class_list":{"0":"post-20060","1":"product","2":"type-product","3":"status-publish","4":"has-post-thumbnail","6":"product_cat-revistas","7":"product_cat-revistas-impressas","8":"product_tag-hq-dininha-e-sua-turma","9":"product_shipping_class-correios","11":"first","12":"instock","13":"shipping-taxable","14":"purchasable","15":"product-type-simple"},"_links":{"self":[{"href":"https:\/\/kriocomics.com.br\/site\/wp-json\/wp\/v2\/product\/20060","targetHints":{"allow":["GET"]}}],"collection":[{"href":"https:\/\/kriocomics.com.br\/site\/wp-json\/wp\/v2\/product"}],"about":[{"href":"https:\/\/kriocomics.com.br\/site\/wp-json\/wp\/v2\/types\/product"}],"replies":[{"embeddable":true,"href":"https:\/\/kriocomics.com.br\/site\/wp-json\/wp\/v2\/comments?post=20060"}],"wp:featuredmedia":[{"embeddable":true,"href":"https:\/\/kriocomics.com.br\/site\/wp-json\/wp\/v2\/media\/20055"}],"wp:attachment":[{"href":"https:\/\/kriocomics.com.br\/site\/wp-json\/wp\/v2\/media?parent=20060"}],"wp:term":[{"taxonomy":"product_brand","embeddable":true,"href":"https:\/\/kriocomics.com.br\/site\/wp-json\/wp\/v2\/product_brand?post=20060"},{"taxonomy":"product_cat","embeddable":true,"href":"https:\/\/kriocomics.com.br\/site\/wp-json\/wp\/v2\/product_cat?post=20060"},{"taxonomy":"product_tag","embeddable":true,"href":"https:\/\/kriocomics.com.br\/site\/wp-json\/wp\/v2\/product_tag?post=20060"}],"curies":[{"name":"wp","href":"https:\/\/api.w.org\/{rel}","templated":true}]}}