{"id":441,"date":"2018-09-23T22:50:19","date_gmt":"2018-09-24T01:50:19","guid":{"rendered":"https:\/\/kriocomics.com.br\/site\/?post_type=product&#038;p=441"},"modified":"2023-11-02T01:53:56","modified_gmt":"2023-11-02T04:53:56","slug":"revista-mano-k-no-1-versao-impressa","status":"publish","type":"product","link":"https:\/\/kriocomics.com.br\/site\/produto\/revista-mano-k-no-1-versao-impressa\/","title":{"rendered":"HQ do Mano K &#8211; n\u00ba 1 (Vers\u00e3o Impressa)"},"content":{"rendered":"<p style=\"text-align: justify;\">Imagine se um garoto pobre e negro da periferia de S\u00e3o Paulo, desses que o universo conspira para lhe roubar o futuro, ganhasse poderes que o levasse muito al\u00e9m da humanidade. O dom de manipular algo misterioso e poderoso, como a Chave do Caos, e alterar a probabilidade, o fato, a pr\u00f3pria realidade!<\/p>\n<p style=\"text-align: justify;\"><strong>Sinopse<\/strong><\/p>\n<p style=\"text-align: justify;\">Em um mundo similar ao nosso, onde seres com superpoderes surgem com alguma frequ\u00eancia, os meta-agentes Chacina, Cadeira El\u00e9trica e Cutelo, massacram os traficantes da Favela da Jujuba e dominam o local. A comunidade se tornar\u00e1 mais uma fazenda de super-humanos do Terceiro Mundo, sob o controle do Cartel do Supercrime Internacional, o Comit\u00ea. Alheio a isso, Marcos, um jovem negro morador da Favela da Jujuba, tenta levar a vida do melhor jeito poss\u00edvel. Ele \u00e9 um grande f\u00e3 dos super-her\u00f3is dessa realidade, motivo de irrita\u00e7\u00e3o para a m\u00e3e religiosa, pois ela os considera coisa do Diabo. Certo dia no entanto, ao mexer no velho opala deixado por seu falecido pai, de quem a vi\u00fava misteriosamente sempre evitou falar, encontra algo que transforma sua vida para sempre: <em>A<\/em> <em>Chave do Caos!<\/em><\/p>\n<p style=\"text-align: justify;\">Nasce mais um super-her\u00f3i&#8230; Ou n\u00e3o?<\/p>\n<p style=\"text-align: left;\"><strong>Vale muito a pena conferir este lan\u00e7amento<\/strong><\/p>\n<p style=\"text-align: justify;\">Em fino acabamento, esta publica\u00e7\u00e3o tem 64 p\u00e1ginas, formato 21 x 29 cm. Capa em papel couch\u00ea com verniz, e 150 de gramatura. Miolo em papel couch\u00ea brilho, com 115 de gramatura.<\/p>\n<p style=\"text-align: justify;\">Por meio de seu bra\u00e7o social, o <strong>Kri\u00f4 Social<\/strong>, a <strong>Editora Kri\u00f4 Comics<\/strong> doa 10% do valor de capa de cada uma de suas revistas, para um projeto social ou art\u00edstico, um artista independente, um coletivo cultural, etc., enfim, para onde o comprador desejar. Basta no momento da compra pelo site da editora, ser informado o nome do contemplado. Toda log\u00edstica do envio das revistas, fica totalmente a cargo da Editora.<\/p>\n<p>&nbsp;<\/p>\n<p>&nbsp;<\/p>\n<p>&nbsp;<\/p>\n<p>&nbsp;<\/p>\n","protected":false},"excerpt":{"rendered":"<p>Revista Mano K &#8211; n\u00ba 1 &#8211; Vers\u00e3o Impressa<\/p>\n<p>Em fino acabamento, esta publica\u00e7\u00e3o tem 64 p\u00e1ginas, formato 21 x 29 cm. Capa em papel couch\u00ea com verniz, e 150 de gramatura. Miolo em papel couch\u00ea brilho, com 115 de gramatura.<\/p>\n<p>&nbsp;<\/p>\n","protected":false},"featured_media":9368,"comment_status":"closed","ping_status":"closed","template":"","meta":{"sfsi_plus_gutenberg_text_before_share":"","sfsi_plus_gutenberg_show_text_before_share":"","sfsi_plus_gutenberg_icon_type":"","sfsi_plus_gutenberg_icon_alignemt":"","sfsi_plus_gutenburg_max_per_row":""},"product_brand":[],"product_cat":[50,44],"product_tag":[7124],"class_list":{"0":"post-441","1":"product","2":"type-product","3":"status-publish","4":"has-post-thumbnail","6":"product_cat-revistas","7":"product_cat-revistas-impressas","8":"product_tag-hq-do-mano-k","9":"product_shipping_class-correios","11":"first","12":"instock","13":"sale","14":"purchasable","15":"product-type-simple"},"_links":{"self":[{"href":"https:\/\/kriocomics.com.br\/site\/wp-json\/wp\/v2\/product\/441","targetHints":{"allow":["GET"]}}],"collection":[{"href":"https:\/\/kriocomics.com.br\/site\/wp-json\/wp\/v2\/product"}],"about":[{"href":"https:\/\/kriocomics.com.br\/site\/wp-json\/wp\/v2\/types\/product"}],"replies":[{"embeddable":true,"href":"https:\/\/kriocomics.com.br\/site\/wp-json\/wp\/v2\/comments?post=441"}],"wp:featuredmedia":[{"embeddable":true,"href":"https:\/\/kriocomics.com.br\/site\/wp-json\/wp\/v2\/media\/9368"}],"wp:attachment":[{"href":"https:\/\/kriocomics.com.br\/site\/wp-json\/wp\/v2\/media?parent=441"}],"wp:term":[{"taxonomy":"product_brand","embeddable":true,"href":"https:\/\/kriocomics.com.br\/site\/wp-json\/wp\/v2\/product_brand?post=441"},{"taxonomy":"product_cat","embeddable":true,"href":"https:\/\/kriocomics.com.br\/site\/wp-json\/wp\/v2\/product_cat?post=441"},{"taxonomy":"product_tag","embeddable":true,"href":"https:\/\/kriocomics.com.br\/site\/wp-json\/wp\/v2\/product_tag?post=441"}],"curies":[{"name":"wp","href":"https:\/\/api.w.org\/{rel}","templated":true}]}}